{"id":625,"date":"2018-02-05T16:36:07","date_gmt":"2018-02-05T14:36:07","guid":{"rendered":"https:\/\/www.kanemetall.ee\/?page_id=625"},"modified":"2018-07-27T10:56:31","modified_gmt":"2018-07-27T07:56:31","slug":"terasprofiilit","status":"publish","type":"page","link":"https:\/\/www.kanemetall.ee\/fi\/palvelut\/terasprofiilit\/","title":{"rendered":"Ter\u00e4sprofiilit"},"content":{"rendered":"<h1>Leikkaamme itse oikeaan mittaan!<\/h1>\n<p>Meid\u00e4n 2100m2 varastossa on jatkuvasti yli 500 erilaista metalliprofiilia, kokonaispainolta ca 400t. Tilattavalla materiaalilla, jos kyseess\u00e4 on tavallinen profiili, toimitusaika on tavallisesti 2arkipv. Lis\u00e4ksi tarjoamme mahdollisuuden materiaalin leikkaamiseen ja halutessa my\u00f6s kuljetuksen j\u00e4rjest\u00e4mist\u00e4. Kiinnostuneilla on mahdollisuus paikan p\u00e4\u00e4ll\u00e4 tutustua tuotantoj\u00e4\u00e4miin, josta voi l\u00f6yt\u00e4\u00e4 leikattuja materiaaleja. Tarpeen mukaan autamme nostamaan tavarat kuormaan.<\/p>\n","protected":false},"excerpt":{"rendered":"<p>Leikkaamme itse oikeaan mittaan! Meid\u00e4n 2100m2 varastossa on jatkuvasti yli 500 erilaista metalliprofiilia, kokonaispainolta ca 400t. Tilattavalla materiaalilla, jos kyseess\u00e4 on tavallinen profiili, toimitusaika on tavallisesti 2arkipv. Lis\u00e4ksi tarjoamme mahdollisuuden materiaalin leikkaamiseen ja halutessa my\u00f6s kuljetuksen j\u00e4rjest\u00e4mist\u00e4. Kiinnostuneilla on mahdollisuus paikan p\u00e4\u00e4ll\u00e4 tutustua tuotantoj\u00e4\u00e4miin, josta voi l\u00f6yt\u00e4\u00e4 leikattuja materiaaleja. Tarpeen mukaan autamme nostamaan tavarat kuormaan.<\/p>\n","protected":false},"author":1,"featured_media":0,"parent":619,"menu_order":0,"comment_status":"closed","ping_status":"closed","template":"template-teenus.php","meta":{"footnotes":""},"class_list":["post-625","page","type-page","status-publish","hentry"],"_links":{"self":[{"href":"https:\/\/www.kanemetall.ee\/fi\/wp-json\/wp\/v2\/pages\/625"}],"collection":[{"href":"https:\/\/www.kanemetall.ee\/fi\/wp-json\/wp\/v2\/pages"}],"about":[{"href":"https:\/\/www.kanemetall.ee\/fi\/wp-json\/wp\/v2\/types\/page"}],"author":[{"embeddable":true,"href":"https:\/\/www.kanemetall.ee\/fi\/wp-json\/wp\/v2\/users\/1"}],"replies":[{"embeddable":true,"href":"https:\/\/www.kanemetall.ee\/fi\/wp-json\/wp\/v2\/comments?post=625"}],"version-history":[{"count":1,"href":"https:\/\/www.kanemetall.ee\/fi\/wp-json\/wp\/v2\/pages\/625\/revisions"}],"predecessor-version":[{"id":626,"href":"https:\/\/www.kanemetall.ee\/fi\/wp-json\/wp\/v2\/pages\/625\/revisions\/626"}],"up":[{"embeddable":true,"href":"https:\/\/www.kanemetall.ee\/fi\/wp-json\/wp\/v2\/pages\/619"}],"wp:attachment":[{"href":"https:\/\/www.kanemetall.ee\/fi\/wp-json\/wp\/v2\/media?parent=625"}],"curies":[{"name":"wp","href":"https:\/\/api.w.org\/{rel}","templated":true}]}}