{"id":623,"date":"2018-02-05T16:35:47","date_gmt":"2018-02-05T14:35:47","guid":{"rendered":"https:\/\/www.kanemetall.ee\/?page_id=623"},"modified":"2018-07-27T10:55:19","modified_gmt":"2018-07-27T07:55:19","slug":"metallirakenteet","status":"publish","type":"page","link":"https:\/\/www.kanemetall.ee\/fi\/palvelut\/metallirakenteet\/","title":{"rendered":"Metallirakenteet"},"content":{"rendered":"<h1><strong>Olemme EN 1090 mukaan sertifioituja<\/strong><\/h1>\n<p>Kane Metall AS tehtaan sis\u00e4inen laadunvalvonta (FPC) on sertifioitu T\u00dcV Eestin toimesta vastaten standardia EN 1090-1. Ter\u00e4srakenteiden valmistamisessa yll\u00e4mme vaatimuksilta luokkaan EXC3.<\/p>\n<p><a href=\"http:\/\/digihunt.ee\/km_arendus\/wp-content\/uploads\/2018\/02\/1090.pdf\">1090.pdf<\/a><\/p>\n<p>Ter\u00e4srakenteiden valmistamisella olemme T\u00dcV Eestin toimesta tunnustettu p\u00e4tevyydell\u00e4 standardin ISO 3834-2 mukaan.<\/p>\n<p><a href=\"http:\/\/digihunt.ee\/km_arendus\/wp-content\/uploads\/2018\/02\/3834-2.pdf\">3834-2.pdf<\/a><\/p>\n","protected":false},"excerpt":{"rendered":"<p>Olemme EN 1090 mukaan sertifioituja Kane Metall AS tehtaan sis\u00e4inen laadunvalvonta (FPC) on sertifioitu T\u00dcV Eestin toimesta vastaten standardia EN 1090-1. Ter\u00e4srakenteiden valmistamisessa yll\u00e4mme vaatimuksilta luokkaan EXC3. 1090.pdf Ter\u00e4srakenteiden valmistamisella olemme T\u00dcV Eestin toimesta tunnustettu p\u00e4tevyydell\u00e4 standardin ISO 3834-2 mukaan. 3834-2.pdf<\/p>\n","protected":false},"author":1,"featured_media":0,"parent":619,"menu_order":0,"comment_status":"closed","ping_status":"closed","template":"template-teenus.php","meta":{"footnotes":""},"class_list":["post-623","page","type-page","status-publish","hentry"],"_links":{"self":[{"href":"https:\/\/www.kanemetall.ee\/fi\/wp-json\/wp\/v2\/pages\/623"}],"collection":[{"href":"https:\/\/www.kanemetall.ee\/fi\/wp-json\/wp\/v2\/pages"}],"about":[{"href":"https:\/\/www.kanemetall.ee\/fi\/wp-json\/wp\/v2\/types\/page"}],"author":[{"embeddable":true,"href":"https:\/\/www.kanemetall.ee\/fi\/wp-json\/wp\/v2\/users\/1"}],"replies":[{"embeddable":true,"href":"https:\/\/www.kanemetall.ee\/fi\/wp-json\/wp\/v2\/comments?post=623"}],"version-history":[{"count":1,"href":"https:\/\/www.kanemetall.ee\/fi\/wp-json\/wp\/v2\/pages\/623\/revisions"}],"predecessor-version":[{"id":624,"href":"https:\/\/www.kanemetall.ee\/fi\/wp-json\/wp\/v2\/pages\/623\/revisions\/624"}],"up":[{"embeddable":true,"href":"https:\/\/www.kanemetall.ee\/fi\/wp-json\/wp\/v2\/pages\/619"}],"wp:attachment":[{"href":"https:\/\/www.kanemetall.ee\/fi\/wp-json\/wp\/v2\/media?parent=623"}],"curies":[{"name":"wp","href":"https:\/\/api.w.org\/{rel}","templated":true}]}}