{"id":621,"date":"2018-02-07T22:10:24","date_gmt":"2018-02-07T20:10:24","guid":{"rendered":"https:\/\/www.kanemetall.ee\/?page_id=621"},"modified":"2018-07-27T10:53:48","modified_gmt":"2018-07-27T07:53:48","slug":"raepuhallus","status":"publish","type":"page","link":"https:\/\/www.kanemetall.ee\/fi\/palvelut\/raepuhallus\/","title":{"rendered":"Raepuhallus"},"content":{"rendered":"<h1>Tarjoamme profiileille raepuhalluspalvelua<\/h1>\n<p>K\u00e4yt\u00f6ss\u00e4 on Finblast FB-350 raepuhalluslinja. Raepuhalluksessa k\u00e4ytet\u00e4\u00e4n ter\u00e4sraepuhallinta NG50<br \/>\nPuhdistettavan materiaalin mitat ovat:<\/p>\n<ul>\n<li>suurin profiilin poikkileikkaus 350\u00d7350<\/li>\n<li>suurin pituus 12 000 mm.<\/li>\n<li>pienin poikkileikkaus 5x30mm<\/li>\n<li>pienin pituus 2000mm<\/li>\n<\/ul>\n<p>Puhdistusaste on standardin ISO 8501-1:2007, luokka S\u00a02\u00bd mukaan.<\/p>\n","protected":false},"excerpt":{"rendered":"<p>Tarjoamme profiileille raepuhalluspalvelua K\u00e4yt\u00f6ss\u00e4 on Finblast FB-350 raepuhalluslinja. Raepuhalluksessa k\u00e4ytet\u00e4\u00e4n ter\u00e4sraepuhallinta NG50 Puhdistettavan materiaalin mitat ovat: suurin profiilin poikkileikkaus 350\u00d7350 suurin pituus 12 000 mm. pienin poikkileikkaus 5x30mm pienin pituus 2000mm Puhdistusaste on standardin ISO 8501-1:2007, luokka S\u00a02\u00bd mukaan.<\/p>\n","protected":false},"author":1,"featured_media":0,"parent":619,"menu_order":0,"comment_status":"closed","ping_status":"closed","template":"template-teenus.php","meta":{"footnotes":""},"class_list":["post-621","page","type-page","status-publish","hentry"],"_links":{"self":[{"href":"https:\/\/www.kanemetall.ee\/fi\/wp-json\/wp\/v2\/pages\/621"}],"collection":[{"href":"https:\/\/www.kanemetall.ee\/fi\/wp-json\/wp\/v2\/pages"}],"about":[{"href":"https:\/\/www.kanemetall.ee\/fi\/wp-json\/wp\/v2\/types\/page"}],"author":[{"embeddable":true,"href":"https:\/\/www.kanemetall.ee\/fi\/wp-json\/wp\/v2\/users\/1"}],"replies":[{"embeddable":true,"href":"https:\/\/www.kanemetall.ee\/fi\/wp-json\/wp\/v2\/comments?post=621"}],"version-history":[{"count":1,"href":"https:\/\/www.kanemetall.ee\/fi\/wp-json\/wp\/v2\/pages\/621\/revisions"}],"predecessor-version":[{"id":622,"href":"https:\/\/www.kanemetall.ee\/fi\/wp-json\/wp\/v2\/pages\/621\/revisions\/622"}],"up":[{"embeddable":true,"href":"https:\/\/www.kanemetall.ee\/fi\/wp-json\/wp\/v2\/pages\/619"}],"wp:attachment":[{"href":"https:\/\/www.kanemetall.ee\/fi\/wp-json\/wp\/v2\/media?parent=621"}],"curies":[{"name":"wp","href":"https:\/\/api.w.org\/{rel}","templated":true}]}}