{"id":606,"date":"2018-02-05T16:37:43","date_gmt":"2018-02-05T14:37:43","guid":{"rendered":"https:\/\/www.kanemetall.ee\/?page_id=606"},"modified":"2018-07-27T10:48:19","modified_gmt":"2018-07-27T07:48:19","slug":"referenssit","status":"publish","type":"page","link":"https:\/\/www.kanemetall.ee\/fi\/referenssit\/","title":{"rendered":"Referenssit"},"content":{"rendered":"<h1>Valmistamme vuodessa ~ 1500 tonnia ter\u00e4srakenteita<\/h1>\n<p>Meid\u00e4n missio on tarjota asiakkaalle tarpeellisia ter\u00e4srakenteita ja metalliprofiileja kilpailukykyisin hinnoin sovitussa m\u00e4\u00e4r\u00e4ajassa ja paikassa.<\/p>\n<p>Kane Metall on todenn\u00e4k\u00f6isesti Etel\u00e4-Viron ter\u00e4srakenteiden valmistajien joukossa varma kandidaatti. Palvelemme yli 6000 metallitoiveista asiakasta.<\/p>\n","protected":false},"excerpt":{"rendered":"<p>Valmistamme vuodessa ~ 1500 tonnia ter\u00e4srakenteita Meid\u00e4n missio on tarjota asiakkaalle tarpeellisia ter\u00e4srakenteita ja metalliprofiileja kilpailukykyisin hinnoin sovitussa m\u00e4\u00e4r\u00e4ajassa ja paikassa. Kane Metall on todenn\u00e4k\u00f6isesti Etel\u00e4-Viron ter\u00e4srakenteiden valmistajien joukossa varma kandidaatti. Palvelemme yli 6000 metallitoiveista asiakasta.<\/p>\n","protected":false},"author":1,"featured_media":0,"parent":0,"menu_order":0,"comment_status":"closed","ping_status":"closed","template":"template-tehtud.php","meta":{"footnotes":""},"class_list":["post-606","page","type-page","status-publish","hentry"],"_links":{"self":[{"href":"https:\/\/www.kanemetall.ee\/fi\/wp-json\/wp\/v2\/pages\/606"}],"collection":[{"href":"https:\/\/www.kanemetall.ee\/fi\/wp-json\/wp\/v2\/pages"}],"about":[{"href":"https:\/\/www.kanemetall.ee\/fi\/wp-json\/wp\/v2\/types\/page"}],"author":[{"embeddable":true,"href":"https:\/\/www.kanemetall.ee\/fi\/wp-json\/wp\/v2\/users\/1"}],"replies":[{"embeddable":true,"href":"https:\/\/www.kanemetall.ee\/fi\/wp-json\/wp\/v2\/comments?post=606"}],"version-history":[{"count":1,"href":"https:\/\/www.kanemetall.ee\/fi\/wp-json\/wp\/v2\/pages\/606\/revisions"}],"predecessor-version":[{"id":607,"href":"https:\/\/www.kanemetall.ee\/fi\/wp-json\/wp\/v2\/pages\/606\/revisions\/607"}],"wp:attachment":[{"href":"https:\/\/www.kanemetall.ee\/fi\/wp-json\/wp\/v2\/media?parent=606"}],"curies":[{"name":"wp","href":"https:\/\/api.w.org\/{rel}","templated":true}]}}